{"id":685,"date":"2022-03-02T10:31:48","date_gmt":"2022-03-02T09:31:48","guid":{"rendered":"https:\/\/www.hotel-uhainak.com\/?page_id=685"},"modified":"2022-03-02T10:31:48","modified_gmt":"2022-03-02T09:31:48","slug":"contact","status":"publish","type":"page","link":"https:\/\/www.hotel-uhainak.com\/en\/contact\/","title":{"rendered":"Contact"},"content":{"rendered":"[vc_row type=&#8221;full_width_content&#8221; full_screen_row_position=&#8221;bottom&#8221; equal_height=&#8221;yes&#8221; content_placement=&#8221;middle&#8221; full_height=&#8221;yes&#8221; scene_position=&#8221;center&#8221; text_color=&#8221;dark&#8221; text_align=&#8221;left&#8221; class=&#8221;desk&#8221; overlay_strength=&#8221;0.3&#8243; shape_divider_position=&#8221;bottom&#8221; shape_type=&#8221;&#8221;][vc_column column_padding=&#8221;no-extra-padding&#8221; column_padding_position=&#8221;all&#8221; background_color_opacity=&#8221;1&#8243; background_hover_color_opacity=&#8221;1&#8243; column_shadow=&#8221;none&#8221; column_border_radius=&#8221;none&#8221; width=&#8221;1\/2&#8243; tablet_text_alignment=&#8221;default&#8221; phone_text_alignment=&#8221;default&#8221; column_border_width=&#8221;none&#8221; column_border_style=&#8221;solid&#8221;][vc_column_text]<iframe loading=\"lazy\" style=\"border: 0;\" tabindex=\"0\" src=\"https:\/\/www.google.com\/maps\/embed?pb=!1m14!1m8!1m3!1d11600.311538117307!2d-1.7629935!3d43.3753955!3m2!1i1024!2i768!4f13.1!3m3!1m2!1s0x0%3A0xf834d91b9068c2ee!2sH%C3%B4tel%20Uhainak!5e0!3m2!1sfr!2sfr!4v1601974338365!5m2!1sfr!2sfr\" width=\"1000\" height=\"450\" frameborder=\"0\" allowfullscreen=\"allowfullscreen\" aria-hidden=\"false\"><\/iframe>[\/vc_column_text][\/vc_column][vc_column column_padding=&#8221;padding-5-percent&#8221; column_padding_position=&#8221;all&#8221; background_color=&#8221;#ffffff&#8221; background_color_opacity=&#8221;1&#8243; background_color_hover=&#8221;#ffffff&#8221; background_hover_color_opacity=&#8221;1&#8243; column_shadow=&#8221;none&#8221; column_border_radius=&#8221;none&#8221; width=&#8221;2\/6&#8243; tablet_text_alignment=&#8221;default&#8221; phone_text_alignment=&#8221;default&#8221; column_border_width=&#8221;none&#8221; column_border_style=&#8221;solid&#8221;][vc_custom_heading text=&#8221;Contact &amp; Location&#8221; font_container=&#8221;tag:h2|text_align:left|color:%230a0a0a&#8221; use_theme_fonts=&#8221;yes&#8221;][vc_column_text]\n<div class=\"wpb_text_column wpb_content_element \">\n<div class=\"wpb_wrapper\">\n<h3 class=\"place-name\">H\u00f4tel Uhainak<\/h3>\n<div class=\"address\">Address : 3 Boulevard de la Mer, 64700 Hendaye<\/div>\n<\/div>\n<div>Telephone : 05.59.20.33.63<\/div>\n<div>E-mail : hotel-uhainak-sarl@wanadoo.fr<\/div>\n<\/div>\n[\/vc_column_text][vc_custom_heading text=&#8221;Important&#8221; use_theme_fonts=&#8221;yes&#8221;][vc_column_text]\n<ul>\n<li>Private carpark subject to availability<\/li>\n<li>Secure garage payable on booking<\/li>\n<li>No smoking<\/li>\n<li>No pets<\/li>\n<\/ul>\n[\/vc_column_text][\/vc_column][vc_column column_padding=&#8221;no-extra-padding&#8221; column_padding_position=&#8221;all&#8221; background_color_opacity=&#8221;1&#8243; background_hover_color_opacity=&#8221;1&#8243; background_image=&#8221;382&#8243; enable_bg_scale=&#8221;true&#8221; column_shadow=&#8221;none&#8221; column_border_radius=&#8221;none&#8221; width=&#8221;1\/6&#8243; tablet_text_alignment=&#8221;default&#8221; phone_text_alignment=&#8221;default&#8221; column_border_width=&#8221;none&#8221; column_border_style=&#8221;solid&#8221;][\/vc_column][\/vc_row][vc_row type=&#8221;full_width_content&#8221; full_screen_row_position=&#8221;bottom&#8221; equal_height=&#8221;yes&#8221; content_placement=&#8221;bottom&#8221; full_height=&#8221;yes&#8221; scene_position=&#8221;center&#8221; text_color=&#8221;dark&#8221; text_align=&#8221;left&#8221; class=&#8221;resp&#8221; overlay_strength=&#8221;0.3&#8243; shape_divider_position=&#8221;bottom&#8221; shape_type=&#8221;&#8221;][vc_column column_padding=&#8221;padding-5-percent&#8221; column_padding_position=&#8221;all&#8221; background_color=&#8221;#ffffff&#8221; background_color_opacity=&#8221;1&#8243; background_color_hover=&#8221;#ffffff&#8221; background_hover_color_opacity=&#8221;1&#8243; column_shadow=&#8221;none&#8221; column_border_radius=&#8221;none&#8221; width=&#8221;1\/2&#8243; tablet_text_alignment=&#8221;default&#8221; phone_text_alignment=&#8221;default&#8221; column_border_width=&#8221;none&#8221; column_border_style=&#8221;solid&#8221;][vc_custom_heading text=&#8221;Contact &amp; Location&#8221; font_container=&#8221;tag:h2|text_align:left|color:%230a0a0a&#8221; use_theme_fonts=&#8221;yes&#8221;][vc_column_text]\n<div class=\"wpb_text_column wpb_content_element \">\n<div class=\"wpb_wrapper\">\n<h3 class=\"place-name\">H\u00f4tel Uhainak<\/h3>\n<div class=\"address\">Address : 3 Boulevard de la Mer, 64700 Hendaye<\/div>\n<\/div>\n<div>Telephone : 05.59.20.33.63<\/div>\n<div>E-mail : hotel-uhainak-sarl@wanadoo.fr<\/div>\n<\/div>\n[\/vc_column_text][vc_custom_heading text=&#8221;Important&#8221; use_theme_fonts=&#8221;yes&#8221;][vc_column_text]\n<ul>\n<li>Private carpark subject to availability<\/li>\n<li>Secure garage payable on booking<\/li>\n<li>No smoking<\/li>\n<li>No pets<\/li>\n<\/ul>\n[\/vc_column_text][\/vc_column][vc_column column_padding=&#8221;no-extra-padding&#8221; column_padding_position=&#8221;all&#8221; background_color_opacity=&#8221;1&#8243; background_hover_color_opacity=&#8221;1&#8243; column_shadow=&#8221;none&#8221; column_border_radius=&#8221;none&#8221; width=&#8221;1\/2&#8243; tablet_text_alignment=&#8221;default&#8221; phone_text_alignment=&#8221;default&#8221; column_border_width=&#8221;none&#8221; column_border_style=&#8221;solid&#8221;][vc_column_text]<iframe loading=\"lazy\" style=\"border: 0;\" tabindex=\"0\" src=\"https:\/\/www.google.com\/maps\/embed?pb=!1m14!1m8!1m3!1d11600.311538117307!2d-1.7629935!3d43.3753955!3m2!1i1024!2i768!4f13.1!3m3!1m2!1s0x0%3A0xf834d91b9068c2ee!2sH%C3%B4tel%20Uhainak!5e0!3m2!1sfr!2sfr!4v1601974338365!5m2!1sfr!2sfr\" width=\"600\" height=\"450\" frameborder=\"0\" allowfullscreen=\"allowfullscreen\" aria-hidden=\"false\"><\/iframe>[\/vc_column_text][\/vc_column][\/vc_row][vc_row type=&#8221;in_container&#8221; full_screen_row_position=&#8221;middle&#8221; scene_position=&#8221;center&#8221; text_color=&#8221;dark&#8221; text_align=&#8221;left&#8221; disable_element=&#8221;yes&#8221; overlay_strength=&#8221;0.3&#8243; shape_divider_position=&#8221;bottom&#8221; shape_type=&#8221;&#8221;][vc_column column_padding=&#8221;no-extra-padding&#8221; column_padding_position=&#8221;all&#8221; background_color_opacity=&#8221;1&#8243; background_hover_color_opacity=&#8221;1&#8243; column_shadow=&#8221;none&#8221; column_border_radius=&#8221;none&#8221; width=&#8221;1\/1&#8243; tablet_text_alignment=&#8221;default&#8221; phone_text_alignment=&#8221;default&#8221; column_border_width=&#8221;none&#8221; column_border_style=&#8221;solid&#8221;][vc_custom_heading text=&#8221;Comment venir ?&#8221; font_container=&#8221;tag:h2|text_align:center&#8221; use_theme_fonts=&#8221;yes&#8221;][vc_column_text]<strong>GPS : 43.37547, -1.76298<\/strong><\/p>\n<p>Acc\u00e8s par autoroute A 63 : sortie n\u00b02, Saint-Jean-de-Luz Sud, puis prendre Hendaye par la corniche, la D913 puis D912.<\/p>\n<p>&#8211; A 2 pas de l&#8217;Espagne ( Fontarrabie , Saint-S\u00e9bastien, Bilbao et le Mus\u00e9e Guggenheim)<\/p>\n<p>&#8211; Proche de Saint Jean de Luz<br \/>\n&#8211; Non loin de Biarritz, Bayonne \u2026<\/p>\n<p>Visite des petits villages du pays basque int\u00e9rieur et d\u00e9couverte de la gastronomie basque : Sare (Grottes), Espelette (c\u00e9l\u00e8bre pour ses piments), Itxassou et la f\u00eate de la cerise, Le petit train \u00e0 cr\u00e9maill\u00e8re de la Rhune &#8230;<\/p>\n<p>Laissez vous bercer par les vagues, venez surfer, plonger, marcher ou tout simplement vous reposer.<br \/>\nLa Gastronomie riche en produits du Terroir vous s\u00e9duira, les Traditions et la Culture du Pays Basque vous feront aimer ce pays de caract\u00e8re .. Une r\u00e9gion qui se savoure\u2026<\/p>\n<p>ACTIVITES OU GALERIE DE PHOTOS<\/p>\n<p>Visite du\u00a0<strong><a href=\"http:\/\/www.chateau-abbadia.fr\/\" target=\"_blank\" rel=\"noopener noreferrer\">ch\u00e2teau d&#8217;Abbadia<\/a><\/strong><br \/>\nLe centre de Thalassoth\u00e9rapie Serge Blanco<br \/>\nL&#8217;Espagne et ses tapas<br \/>\nLe Surf (nombreuses \u00e9coles de surf exer\u00e7ant tout le long de la baie)<br \/>\n<strong><a href=\"http:\/\/randonnee.tourisme64.com\/grands-itineraires\/sentier-du-littoral\/\" target=\"_blank\" rel=\"noopener noreferrer\">Le sentier du littoral<\/a><\/strong>\u00a0le long de la corniche d&#8217;Hendaye \u00e0 Bidart<br \/>\nPiste de roller et skate pr\u00e8s du port<br \/>\nAires de jeux pour enfants<br \/>\nPiste cyclable<\/p>\n<p>Le pays basque offre \u00e9galement de multiples autres activit\u00e9s telles que la pelote basque, le golf, randonn\u00e9es quad, rafting, cano\u00eb, jeux nautiques&#8230;<br \/>\nvoir :\u00a0<strong><a href=\"http:\/\/www.sports-pays-basque.com\/\">www.sports-pays-basque.com<\/a><\/strong>\u00a0\u2013\u00a0<strong><a href=\"http:\/\/www.pays-basque-villes-villages.com\/\" target=\"_blank\" rel=\"noopener noreferrer\">www.pays-basque-villes-villages.com<\/a><\/strong><\/p>\n<p>La V\u00e9lodyss\u00e9e, l&#8217;Atlantique en roue libre !<\/p>\n<p>Elle traverse la Bretagne et longe l&#8217;Atlantique jusqu&#8217;\u00e0 la C\u00f4te basque par un parcours tonique et sauvage : c&#8217;est La V\u00e9lodyss\u00e9e !<\/p>\n<p>Enfourchez vos v\u00e9los et en route pour un p\u00e9riple de plus de 1200 km avec l&#8217;oc\u00e9an en toile de fond ! Entre Roscoff et Hendaye, d\u00e9couvrez les tr\u00e9sors de nos r\u00e9gions, en suivant la plus longue v\u00e9loroute fran\u00e7aise enti\u00e8rement balis\u00e9e.<br \/>\nVoir le site :\u00a0<strong><a href=\"http:\/\/www.lavelodyssee.com\/\" target=\"_blank\" rel=\"noopener noreferrer\">www.lavelodyssee.com<\/a><\/strong>[\/vc_column_text][\/vc_column][\/vc_row]\n","protected":false},"excerpt":{"rendered":"<p>[vc_row type=&#8221;full_width_content&#8221; full_screen_row_position=&#8221;bottom&#8221; equal_height=&#8221;yes&#8221; content_placement=&#8221;middle&#8221; full_height=&#8221;yes&#8221; scene_position=&#8221;center&#8221; text_color=&#8221;dark&#8221; text_align=&#8221;left&#8221; class=&#8221;desk&#8221; overlay_strength=&#8221;0.3&#8243; shape_divider_position=&#8221;bottom&#8221; shape_type=&#8221;&#8221;][vc_column column_padding=&#8221;no-extra-padding&#8221; column_padding_position=&#8221;all&#8221; background_color_opacity=&#8221;1&#8243; background_hover_color_opacity=&#8221;1&#8243; column_shadow=&#8221;none&#8221; column_border_radius=&#8221;none&#8221; width=&#8221;1\/2&#8243; tablet_text_alignment=&#8221;default&#8221; phone_text_alignment=&#8221;default&#8221; column_border_width=&#8221;none&#8221; column_border_style=&#8221;solid&#8221;][vc_column_text][\/vc_column_text][\/vc_column][vc_column column_padding=&#8221;padding-5-percent&#8221; column_padding_position=&#8221;all&#8221; background_color=&#8221;#ffffff&#8221; background_color_opacity=&#8221;1&#8243; background_color_hover=&#8221;#ffffff&#8221; background_hover_color_opacity=&#8221;1&#8243;&#8230;<\/p>\n","protected":false},"author":1,"featured_media":0,"parent":0,"menu_order":0,"comment_status":"closed","ping_status":"closed","template":"","meta":{"inline_featured_image":false,"footnotes":""},"class_list":["post-685","page","type-page","status-publish"],"yoast_head":"<!-- This site is optimized with the Yoast SEO plugin v27.2 - https:\/\/yoast.com\/product\/yoast-seo-wordpress\/ -->\n<title>Contact - H\u00f4tel Uhainak<\/title>\n<meta name=\"robots\" content=\"index, follow, max-snippet:-1, max-image-preview:large, max-video-preview:-1\" \/>\n<link rel=\"canonical\" href=\"https:\/\/www.hotel-uhainak.com\/en\/contact\/\" \/>\n<meta property=\"og:locale\" content=\"en_US\" \/>\n<meta property=\"og:type\" content=\"article\" \/>\n<meta property=\"og:title\" content=\"Contact - H\u00f4tel Uhainak\" \/>\n<meta property=\"og:description\" content=\"[vc_row type=&#8221;full_width_content&#8221; full_screen_row_position=&#8221;bottom&#8221; equal_height=&#8221;yes&#8221; content_placement=&#8221;middle&#8221; full_height=&#8221;yes&#8221; scene_position=&#8221;center&#8221; text_color=&#8221;dark&#8221; text_align=&#8221;left&#8221; class=&#8221;desk&#8221; overlay_strength=&#8221;0.3&#8243; shape_divider_position=&#8221;bottom&#8221; shape_type=&#8221;&#8221;][vc_column column_padding=&#8221;no-extra-padding&#8221; column_padding_position=&#8221;all&#8221; background_color_opacity=&#8221;1&#8243; background_hover_color_opacity=&#8221;1&#8243; column_shadow=&#8221;none&#8221; column_border_radius=&#8221;none&#8221; width=&#8221;1\/2&#8243; tablet_text_alignment=&#8221;default&#8221; phone_text_alignment=&#8221;default&#8221; column_border_width=&#8221;none&#8221; column_border_style=&#8221;solid&#8221;][vc_column_text][\/vc_column_text][\/vc_column][vc_column column_padding=&#8221;padding-5-percent&#8221; column_padding_position=&#8221;all&#8221; background_color=&#8221;#ffffff&#8221; background_color_opacity=&#8221;1&#8243; background_color_hover=&#8221;#ffffff&#8221; background_hover_color_opacity=&#8221;1&#8243;...\" \/>\n<meta property=\"og:url\" content=\"https:\/\/www.hotel-uhainak.com\/en\/contact\/\" \/>\n<meta property=\"og:site_name\" content=\"H\u00f4tel Uhainak\" \/>\n<meta name=\"twitter:card\" content=\"summary_large_image\" \/>\n<meta name=\"twitter:label1\" content=\"Est. reading time\" \/>\n\t<meta name=\"twitter:data1\" content=\"4 minutes\" \/>\n<script type=\"application\/ld+json\" class=\"yoast-schema-graph\">{\"@context\":\"https:\/\/schema.org\",\"@graph\":[{\"@type\":\"WebPage\",\"@id\":\"https:\/\/www.hotel-uhainak.com\/en\/contact\/\",\"url\":\"https:\/\/www.hotel-uhainak.com\/en\/contact\/\",\"name\":\"Contact - H\u00f4tel Uhainak\",\"isPartOf\":{\"@id\":\"https:\/\/www.hotel-uhainak.com\/#website\"},\"datePublished\":\"2022-03-02T09:31:48+00:00\",\"breadcrumb\":{\"@id\":\"https:\/\/www.hotel-uhainak.com\/en\/contact\/#breadcrumb\"},\"inLanguage\":\"en-US\",\"potentialAction\":[{\"@type\":\"ReadAction\",\"target\":[\"https:\/\/www.hotel-uhainak.com\/en\/contact\/\"]}]},{\"@type\":\"BreadcrumbList\",\"@id\":\"https:\/\/www.hotel-uhainak.com\/en\/contact\/#breadcrumb\",\"itemListElement\":[{\"@type\":\"ListItem\",\"position\":1,\"name\":\"Accueil\",\"item\":\"https:\/\/www.hotel-uhainak.com\/en\/\"},{\"@type\":\"ListItem\",\"position\":2,\"name\":\"Contact\"}]},{\"@type\":\"WebSite\",\"@id\":\"https:\/\/www.hotel-uhainak.com\/#website\",\"url\":\"https:\/\/www.hotel-uhainak.com\/\",\"name\":\"H\u00f4tel Uhainak\",\"description\":\"H\u00f4tel 3 \u00e9toiles \u00e0 Hendaye\",\"potentialAction\":[{\"@type\":\"SearchAction\",\"target\":{\"@type\":\"EntryPoint\",\"urlTemplate\":\"https:\/\/www.hotel-uhainak.com\/?s={search_term_string}\"},\"query-input\":{\"@type\":\"PropertyValueSpecification\",\"valueRequired\":true,\"valueName\":\"search_term_string\"}}],\"inLanguage\":\"en-US\"}]}<\/script>\n<!-- \/ Yoast SEO plugin. -->","yoast_head_json":{"title":"Contact - H\u00f4tel Uhainak","robots":{"index":"index","follow":"follow","max-snippet":"max-snippet:-1","max-image-preview":"max-image-preview:large","max-video-preview":"max-video-preview:-1"},"canonical":"https:\/\/www.hotel-uhainak.com\/en\/contact\/","og_locale":"en_US","og_type":"article","og_title":"Contact - H\u00f4tel Uhainak","og_description":"[vc_row type=&#8221;full_width_content&#8221; full_screen_row_position=&#8221;bottom&#8221; equal_height=&#8221;yes&#8221; content_placement=&#8221;middle&#8221; full_height=&#8221;yes&#8221; scene_position=&#8221;center&#8221; text_color=&#8221;dark&#8221; text_align=&#8221;left&#8221; class=&#8221;desk&#8221; overlay_strength=&#8221;0.3&#8243; shape_divider_position=&#8221;bottom&#8221; shape_type=&#8221;&#8221;][vc_column column_padding=&#8221;no-extra-padding&#8221; column_padding_position=&#8221;all&#8221; background_color_opacity=&#8221;1&#8243; background_hover_color_opacity=&#8221;1&#8243; column_shadow=&#8221;none&#8221; column_border_radius=&#8221;none&#8221; width=&#8221;1\/2&#8243; tablet_text_alignment=&#8221;default&#8221; phone_text_alignment=&#8221;default&#8221; column_border_width=&#8221;none&#8221; column_border_style=&#8221;solid&#8221;][vc_column_text][\/vc_column_text][\/vc_column][vc_column column_padding=&#8221;padding-5-percent&#8221; column_padding_position=&#8221;all&#8221; background_color=&#8221;#ffffff&#8221; background_color_opacity=&#8221;1&#8243; background_color_hover=&#8221;#ffffff&#8221; background_hover_color_opacity=&#8221;1&#8243;...","og_url":"https:\/\/www.hotel-uhainak.com\/en\/contact\/","og_site_name":"H\u00f4tel Uhainak","twitter_card":"summary_large_image","twitter_misc":{"Est. reading time":"4 minutes"},"schema":{"@context":"https:\/\/schema.org","@graph":[{"@type":"WebPage","@id":"https:\/\/www.hotel-uhainak.com\/en\/contact\/","url":"https:\/\/www.hotel-uhainak.com\/en\/contact\/","name":"Contact - H\u00f4tel Uhainak","isPartOf":{"@id":"https:\/\/www.hotel-uhainak.com\/#website"},"datePublished":"2022-03-02T09:31:48+00:00","breadcrumb":{"@id":"https:\/\/www.hotel-uhainak.com\/en\/contact\/#breadcrumb"},"inLanguage":"en-US","potentialAction":[{"@type":"ReadAction","target":["https:\/\/www.hotel-uhainak.com\/en\/contact\/"]}]},{"@type":"BreadcrumbList","@id":"https:\/\/www.hotel-uhainak.com\/en\/contact\/#breadcrumb","itemListElement":[{"@type":"ListItem","position":1,"name":"Accueil","item":"https:\/\/www.hotel-uhainak.com\/en\/"},{"@type":"ListItem","position":2,"name":"Contact"}]},{"@type":"WebSite","@id":"https:\/\/www.hotel-uhainak.com\/#website","url":"https:\/\/www.hotel-uhainak.com\/","name":"H\u00f4tel Uhainak","description":"H\u00f4tel 3 \u00e9toiles \u00e0 Hendaye","potentialAction":[{"@type":"SearchAction","target":{"@type":"EntryPoint","urlTemplate":"https:\/\/www.hotel-uhainak.com\/?s={search_term_string}"},"query-input":{"@type":"PropertyValueSpecification","valueRequired":true,"valueName":"search_term_string"}}],"inLanguage":"en-US"}]}},"_links":{"self":[{"href":"https:\/\/www.hotel-uhainak.com\/en\/wp-json\/wp\/v2\/pages\/685","targetHints":{"allow":["GET"]}}],"collection":[{"href":"https:\/\/www.hotel-uhainak.com\/en\/wp-json\/wp\/v2\/pages"}],"about":[{"href":"https:\/\/www.hotel-uhainak.com\/en\/wp-json\/wp\/v2\/types\/page"}],"author":[{"embeddable":true,"href":"https:\/\/www.hotel-uhainak.com\/en\/wp-json\/wp\/v2\/users\/1"}],"replies":[{"embeddable":true,"href":"https:\/\/www.hotel-uhainak.com\/en\/wp-json\/wp\/v2\/comments?post=685"}],"version-history":[{"count":1,"href":"https:\/\/www.hotel-uhainak.com\/en\/wp-json\/wp\/v2\/pages\/685\/revisions"}],"predecessor-version":[{"id":686,"href":"https:\/\/www.hotel-uhainak.com\/en\/wp-json\/wp\/v2\/pages\/685\/revisions\/686"}],"wp:attachment":[{"href":"https:\/\/www.hotel-uhainak.com\/en\/wp-json\/wp\/v2\/media?parent=685"}],"curies":[{"name":"wp","href":"https:\/\/api.w.org\/{rel}","templated":true}]}}